{"id":118,"date":"2021-05-27T15:20:49","date_gmt":"2021-05-27T18:20:49","guid":{"rendered":"https:\/\/pcpep.org\/?page_id=118"},"modified":"2023-11-03T10:03:02","modified_gmt":"2023-11-03T13:03:02","slug":"groupes-de-soutien","status":"publish","type":"page","link":"https:\/\/pcpep.org\/fr\/groupes-de-soutien\/","title":{"rendered":"Groupes de soutien"},"content":{"rendered":"<p class=\"has-secondary-color has-text-color wp-block-paragraph\"><strong><mark style=\"background-color:rgba(0, 0, 0, 0);color:#cf2e2e\" class=\"has-inline-color\">Notre programme soutient et encourage FORTEMENT les patients et les survivants \u00e0 contacter leur groupe LOCAL de soutien au cancer de la prostate.<\/mark><\/strong><\/p>\n\n\n\n<p class=\"wp-block-paragraph\">Les groupes de soutien permettent aux individus et \u00e0 leurs accompagnateurs ou partenaires de partager leurs exp\u00e9riences personnelles et de recevoir un soutien \u00e9motionnel de la part des autres membres du groupe. De nombreux groupes offrent \u00e9galement des possibilit\u00e9s de formation en invitant des conf\u00e9renciers \u00e0 leurs r\u00e9unions mensuelles, notamment des professionnels de la sant\u00e9, des conseillers, des chercheurs et d'autres experts, pour parler de sujets li\u00e9s au traitement du cancer de la prostate, \u00e0 la recherche, \u00e0 l'am\u00e9lioration de la qualit\u00e9 de vie avant et apr\u00e8s le traitement, et \u00e0 la capacit\u00e9 d'adaptation.<\/p>\n\n\n\n<p class=\"wp-block-paragraph\">Faire partie d'un groupe de soutien offre de nombreux avantages aux personnes qui s'y impliquent. Pour certains, les groupes de soutien comblent le vide entre les soins m\u00e9dicaux et le besoin d'un soutien \u00e9motionnel \u00e9largi. Pour d'autres, les groupes de soutien sont un lieu s\u00fbr o\u00f9 ils peuvent recevoir des informations pratiques sur leurs options de traitement. Mais surtout, les&nbsp;<strong>groupes de soutien sont un moyen puissant d'apprendre gr\u00e2ce \u00e0 l'exp\u00e9rience collective et d'acqu\u00e9rir un sentiment d'autonomie dans la vie avec le cancer de la prostate.<\/strong><\/p>\n\n\n\n<p class=\"has-primary-color has-text-color wp-block-paragraph\">Le <strong><mark style=\"background-color:rgba(0, 0, 0, 0);color:#cf2e2e\" class=\"has-inline-color\">Groupe de soutien au cancer de la prostate d&#039;Halifax<\/mark>. <\/strong>Contactez par email soit Alex Handyside (alexhandyside@gmail.com), Richard Macfarlane, (<a>m.macfarlane@eastlink.ca<\/a>; 902 457-0644) ou appelez Ross Macdonald au 1-902-445-2711 pour savoir quand et o\u00f9 le groupe se r\u00e9unit chaque mois. En ce moment, le groupe se r\u00e9unit comme suit\u00a0: le 3e jeudi de chaque mois, \u00e0 13 heures \u00e0 Grace Chapel, situ\u00e9e au 255 Ross Street, Halifax, Nouvelle-\u00c9cosse (site Web\u00a0:<strong>\u00a0<a href=\"https:\/\/www.facebook.com\/ProstateSupportHalifax\" target=\"_blank\" rel=\"noopener\">https:\/\/www.facebook.com\/ProstateSupportHalifax<\/a><\/strong>). Ils se r\u00e9unissent en personne et sur Zoom. Le t\u00e9l\u00e9phone ou l&#039;e-mail pour le lien Zoom seront fournis par les organisateurs, ou vous pouvez simplement vous pr\u00e9senter \u00e0 l&#039;emplacement indiqu\u00e9 ci-dessus. Les partenaires sont \u00e9galement les bienvenus.<\/p>\n\n\n\n<p class=\"wp-block-paragraph\">Le <strong><a href=\"http:\/\/in the United Commercial Travelers building on Park Street, New Glasgow.\"><mark style=\"background-color:rgba(0, 0, 0, 0);color:#cf2e2e\" class=\"has-inline-color\">Association de soutien au cancer de la prostate du comt\u00e9 de Pictou<\/mark><\/a><\/strong> se r\u00e9unit tous <strong>le troisi\u00e8me jeudi du mois \u00e0 19 heures dans le b\u00e2timent United Commercial Travelers sur Park Street, New Glasgow<\/strong>. Veuillez envoyer un courriel \u00e0 : Joel jspratt@eastlink.ca ou Ross rosshcameron@gmail.com, pour en savoir plus et vous joindre \u00e0 ce <strong>soutien communautaire exceptionnel dans le comt\u00e9 de Pictou !<\/strong> Rejoignez leur groupe Facebook <a href=\"http:\/\/in the United Commercial Travelers building on Park Street, New Glasgow.\">ici<\/a>.<\/p>\n\n\n\n<p class=\"wp-block-paragraph\"><mark style=\"background-color:rgba(0, 0, 0, 0);color:#cf2e2e\" class=\"has-inline-color\"><strong><a href=\"https:\/\/pcstoronto.ca\/peer-support-2\/#:~:text=Call%20our%20support%20line%2C%20(416,agreed%20upon%20time%20and%20place.\" data-type=\"link\" data-id=\"https:\/\/pcstoronto.ca\/peer-support-2\/#:~:text=Call%20our%20support%20line%2C%20(416,agreed%20upon%20time%20and%20place.\" target=\"_blank\" rel=\"noopener\">Groupe de soutien au cancer de la prostate Toronto<\/a><\/strong><\/mark><\/p>\n\n\n\n<p class=\"wp-block-paragraph\"><a href=\"http:\/\/www.pccntoronto.ca\" data-type=\"link\" data-id=\"www.pccntoronto.ca\" target=\"_blank\" rel=\"noopener\">PCCNTORONTO.CA<\/a>: Veuillez consulter leur derni\u00e8re newsletter\u00a0:  <a href=\"https:\/\/pcstoronto.ca\/wp-content\/uploads\/2019\/09\/Sept_2019_Newsletter.pdf\" target=\"_blank\" rel=\"noopener\">https:\/\/pcstoronto.ca\/wp-content\/uploads\/2019\/09\/Sept_2019_Newsletter.pdf<\/a><\/p>\n\n\n\n<p class=\"wp-block-paragraph\"><strong><a href=\"http:\/\/prostatecancersupport.ca\/\" target=\"_blank\" rel=\"noopener\"><mark style=\"background-color:rgba(0, 0, 0, 0);color:#cf2e2e\" class=\"has-inline-color\">Prostate Cancer Support Canada<\/mark><\/a>\u00a0est un r\u00e9seau national de groupes de soutien pour le cancer de la prostate \u00e0 travers le Canada qui veille \u00e0 ce que les hommes et leurs familles touch\u00e9s par le cancer de la prostate puissent facilement entrer en contact avec un groupe de soutien ou une personne de soutien, peu importe o\u00f9 ils vivent.\u00a0<\/strong>Leurs groupes de soutien rassemblent des personnes qui vivent ou ont d\u00e9j\u00e0 v\u00e9cu l&#039;exp\u00e9rience de recevoir un diagnostic de cancer de la prostate, de naviguer parmi les nombreuses options de traitement et de g\u00e9rer les diff\u00e9rents effets secondaires chroniques qui peuvent accompagner le traitement. <em>Pour plus d'informations ou pour participer \u00e0 un groupe de soutien - en ligne ou en personne - visitez le site\u00a0<\/em><a href=\"http:\/\/prostatecancersupport.ca\/\" target=\"_blank\" rel=\"noopener\"><em>http:\/\/prostatecancersupport.ca\/<\/em><\/a><em>\u00a0ou envoyez un courriel \u00e0<\/em><a href=\"mailto:support@prostatecancersupport.ca\"><em>support@prostatecancersupport.ca<\/em><\/a><em>Tout le monde est bienvenu.<\/em> Le site Web de Soutien au cancer de la prostate Canada fournit une liste de groupes de soutien par province\u00a0:\u00a0<a href=\"http:\/\/prostatecancersupport.ca\/\" target=\"_blank\" rel=\"noopener\">http:\/\/prostatecancersupport.ca\/<\/a>\u00a0<\/p>\n\n\n\n<p class=\"wp-block-paragraph\">Le <em><mark style=\"background-color:rgba(0, 0, 0, 0);color:#cf2e2e\" class=\"has-inline-color\"><strong>Soci\u00e9t\u00e9 canadienne du cancer<\/strong><\/mark><\/em> propose sur son site Internet une page<em><strong><a href=\"https:\/\/csl.cancer.ca\/fr?_ga=2.156621435.1352844161.1646182852-447794792.1646182852\" target=\"_blank\" rel=\"noopener\">\u00ab Localisateur de services communautaires \u00bb<\/a>\u00bb <\/strong>qui vous permet de rechercher par code postal un groupe de soutien pr\u00e8s de chez vous :<\/em><\/p>\n\n\n\n<p class=\"wp-block-paragraph\">Ensemble, nous sommes plus forts! <\/p>","protected":false},"excerpt":{"rendered":"<p>Notre programme encourage et encourage FORTEMENT les patients et les survivants \u00e0 contacter leur groupe de soutien local pour le cancer de la prostate. Les groupes de soutien offrent aux personnes et \u00e0 leurs proches ou partenaires l&#039;occasion de partager leurs exp\u00e9riences personnelles et de recevoir un soutien \u00e9motionnel de la part d&#039;autres membres du groupe. De nombreux groupes offrent \u00e9galement des possibilit\u00e9s \u00e9ducatives en invitant<a class=\"more-link\" href=\"https:\/\/pcpep.org\/fr\/groupes-de-soutien\/\">Lire la suite <span class=\"screen-reader-text\">\u00ab Groupes de soutien \u00bb<\/span><\/a><\/p>","protected":false},"author":158570093,"featured_media":0,"parent":0,"menu_order":0,"comment_status":"closed","ping_status":"closed","template":"","meta":{"_coblocks_attr":"","_coblocks_dimensions":"","_coblocks_responsive_height":"","_coblocks_accordion_ie_support":"","_crdt_document":"","ngg_post_thumbnail":0,"footnotes":""},"class_list":["post-118","page","type-page","status-publish","hentry","entry"],"jetpack_likes_enabled":true,"jetpack_sharing_enabled":true,"jetpack_shortlink":"https:\/\/wp.me\/PcTu3r-1U","amp_enabled":true,"_links":{"self":[{"href":"https:\/\/pcpep.org\/fr\/wp-json\/wp\/v2\/pages\/118","targetHints":{"allow":["GET"]}}],"collection":[{"href":"https:\/\/pcpep.org\/fr\/wp-json\/wp\/v2\/pages"}],"about":[{"href":"https:\/\/pcpep.org\/fr\/wp-json\/wp\/v2\/types\/page"}],"author":[{"embeddable":true,"href":"https:\/\/pcpep.org\/fr\/wp-json\/wp\/v2\/users\/158570093"}],"replies":[{"embeddable":true,"href":"https:\/\/pcpep.org\/fr\/wp-json\/wp\/v2\/comments?post=118"}],"version-history":[{"count":24,"href":"https:\/\/pcpep.org\/fr\/wp-json\/wp\/v2\/pages\/118\/revisions"}],"predecessor-version":[{"id":5247,"href":"https:\/\/pcpep.org\/fr\/wp-json\/wp\/v2\/pages\/118\/revisions\/5247"}],"wp:attachment":[{"href":"https:\/\/pcpep.org\/fr\/wp-json\/wp\/v2\/media?parent=118"}],"curies":[{"name":"wp","href":"https:\/\/api.w.org\/{rel}","templated":true}]}}