{"id":722,"date":"2021-06-22T13:14:06","date_gmt":"2021-06-22T16:14:06","guid":{"rendered":"https:\/\/pcpep.org\/?page_id=722"},"modified":"2023-11-30T14:05:23","modified_gmt":"2023-11-30T18:05:23","slug":"contactez-nous-2","status":"publish","type":"page","link":"https:\/\/pcpep.org\/fr\/contactez-nous-2\/","title":{"rendered":"Contactez-nous"},"content":{"rendered":"<h6 class=\"wp-block-heading\" id=\"please-contact-us-project-research-coordinator-here\">Veuillez nous contacter \/ Coordonnateur de recherche du projet ici\u00a0: <\/h6>\n\n\n\n<p class=\"has-small-font-size wp-block-paragraph\">M. Cody MacDonald, <strong><mark style=\"background-color:rgba(0, 0, 0, 0)\" class=\"has-inline-color has-secondary-color\">PEP@nshealth.ca<\/mark> ou appeler <\/strong><mark style=\"background-color:rgba(0, 0, 0, 0)\" class=\"has-inline-color has-secondary-color\"><strong>902-237-6277<\/strong>&nbsp;<\/mark><strong>ou 902-473-7727 ou remplissez le formulaire de contact<\/strong>.<\/p>\n\n\n\n<figure class=\"wp-block-table\"><table><tbody><tr><td>Adresse: <strong>R\u00e9gie de la sant\u00e9 de la Nouvelle-\u00c9cosse<\/strong> &amp; <strong>Universit\u00e9 Dalhousie<\/strong>, <strong>Service d&#039;urologie<\/strong>, <strong>Laboratoire de recherche sur la qualit\u00e9 de vie du cancer de la prostate DMRF Soillse<\/strong>, QEII, salle 202, 5e \u00e9tage de l&#039;\u00e9difice Victoria, site VG1276 South Park StreetHalifax, NS, Canada, B3H 2Y9<\/td><\/tr><\/tbody><\/table><\/figure>\n\n\n<div class=\"wp-block-jetpack-contact-form is-layout-flex wp-container-jetpack-contact-form-is-layout-b9bba262 wp-block-jetpack-contact-form-is-layout-flex\"><a href=\"https:\/\/pcpep.org\/fr\/contactez-nous-2\/\" target=\"_blank\" rel=\"noopener noreferrer\">Soumettre un formulaire.<\/a><\/div>","protected":false},"excerpt":{"rendered":"<p>Please contact us \/ Project Research Coordinator here: Mr. Cody MacDonald, PEP@nshealth.ca or call 902-237-6277&nbsp;or 902-473-7727 or fill out the contact form. Address: Nova Scotia Health Authority &amp; Dalhousie University, Urology Department, DMRF Soillse Prostate Cancer Quality of Life Research Lab, QEII, Room 202, 5th Floor Victoria Building, VG Site1276 South Park StreetHalifax, NS, Canada,<a class=\"more-link\" href=\"https:\/\/pcpep.org\/fr\/contactez-nous-2\/\">Lire la suite <span class=\"screen-reader-text\">&#8220;Contact Us&#8221;<\/span><\/a><\/p>","protected":false},"author":158570093,"featured_media":0,"parent":0,"menu_order":0,"comment_status":"closed","ping_status":"closed","template":"","meta":{"_coblocks_attr":"","_coblocks_dimensions":"","_coblocks_responsive_height":"","_coblocks_accordion_ie_support":"","_crdt_document":"","ngg_post_thumbnail":0,"footnotes":""},"class_list":["post-722","page","type-page","status-publish","hentry","entry"],"jetpack_likes_enabled":true,"jetpack_sharing_enabled":true,"jetpack_shortlink":"https:\/\/wp.me\/PcTu3r-bE","amp_enabled":true,"_links":{"self":[{"href":"https:\/\/pcpep.org\/fr\/wp-json\/wp\/v2\/pages\/722","targetHints":{"allow":["GET"]}}],"collection":[{"href":"https:\/\/pcpep.org\/fr\/wp-json\/wp\/v2\/pages"}],"about":[{"href":"https:\/\/pcpep.org\/fr\/wp-json\/wp\/v2\/types\/page"}],"author":[{"embeddable":true,"href":"https:\/\/pcpep.org\/fr\/wp-json\/wp\/v2\/users\/158570093"}],"replies":[{"embeddable":true,"href":"https:\/\/pcpep.org\/fr\/wp-json\/wp\/v2\/comments?post=722"}],"version-history":[{"count":21,"href":"https:\/\/pcpep.org\/fr\/wp-json\/wp\/v2\/pages\/722\/revisions"}],"predecessor-version":[{"id":14306,"href":"https:\/\/pcpep.org\/fr\/wp-json\/wp\/v2\/pages\/722\/revisions\/14306"}],"wp:attachment":[{"href":"https:\/\/pcpep.org\/fr\/wp-json\/wp\/v2\/media?parent=722"}],"curies":[{"name":"wp","href":"https:\/\/api.w.org\/{rel}","templated":true}]}}