{"id":12754,"date":"2025-08-24T18:53:42","date_gmt":"2025-08-24T21:53:42","guid":{"rendered":"https:\/\/pcpep.org\/?page_id=12754"},"modified":"2025-11-03T12:42:08","modified_gmt":"2025-11-03T16:42:08","slug":"comunitati-rurale-pc-pep","status":"publish","type":"page","link":"https:\/\/pcpep.org\/ro\/comunitati-rurale-pc-pep\/","title":{"rendered":"Comunit\u0103\u021bile rurale \u0219i PC-PEP"},"content":{"rendered":"<p class=\"wp-block-paragraph\"><strong>Nu conteaz\u0103 unde locuie\u0219ti - locul t\u0103u este aici.<\/strong><\/p>\n\n\n\n<h3 class=\"wp-block-heading\"><strong>\u00cen\u021belegerea realit\u0103\u021bii rurale<\/strong><\/h3>\n\n\n\n<p class=\"wp-block-paragraph\">Faptul c\u0103 locui\u021bi \u00eentr-o comunitate rural\u0103 sau izolat\u0103 poate influen\u021ba fiecare parte a c\u0103l\u0103toriei dumneavoastr\u0103 c\u0103tre cancerul de prostat\u0103 - de la diagnosticare, la accesul la speciali\u0219ti, la g\u0103sirea de sprijin ulterior. Drumurile lungi, internetul slab \u0219i resursele locale reduse pot face ca \u00eengrijirea s\u0103 par\u0103 inaccesibil\u0103.<\/p>\n\n\n\n<p class=\"wp-block-paragraph\">La&nbsp;<strong>PC-PEP<\/strong>, noi credem c\u0103 dvs.&nbsp;<strong>codul po\u0219tal nu ar trebui s\u0103 determine niciodat\u0103 calitatea \u00eengrijirii dumneavoastr\u0103<\/strong>. Merita\u021bi acela\u0219i sprijin bazat pe dovezi \u0219i compasiune ca oricine locuie\u0219te l\u00e2ng\u0103 un spital important. Acesta este motivul pentru care am conceput PC-PEP pentru a v\u0103 satisface&nbsp;<em>unde v\u0103 afla\u021bi<\/em>&nbsp;- chiar la tine acas\u0103, \u00een propriul t\u0103u program, \u00een propria ta comunitate.<\/p>\n\n\n\n<h3 class=\"wp-block-heading\">Provoc\u0103rile cu care se confrunt\u0103 b\u0103rba\u021bii din mediul rural<\/h3>\n\n\n\n<ul class=\"wp-block-list\">\n<li><strong>Accesul la speciali\u0219ti:<\/strong> Mul\u021bi b\u0103rba\u021bi din mediul rural se confrunt\u0103 cu timpi lungi de c\u0103l\u0103torie, disponibilitate limitat\u0103 a speciali\u0219tilor \u0219i conexiuni la internet nesigure. Grupurile locale de sprijin sunt rare, l\u0103s\u00e2ndu-i pe b\u0103rba\u021bi s\u0103 navigheze singuri prin tratament \u0219i recuperare.<\/li>\n\n\n\n<li><strong>Preocup\u0103ri legate de confiden\u021bialitate:<\/strong> \u00cen ora\u0219ele mici, toat\u0103 lumea cunoa\u0219te pe toat\u0103 lumea. A vorbi despre incontinen\u021b\u0103, s\u0103n\u0103tate sexual\u0103 sau s\u0103n\u0103tate mintal\u0103 poate fi incomod sau riscant. Noi \u00een\u021belegem c\u0103 intimitatea conteaz\u0103 - PC-PEP ofer\u0103 op\u021biuni confiden\u021biale, la domiciliu, care nu v\u0103 oblig\u0103 s\u0103 intra\u021bi \u00eentr-o clinic\u0103 sau \u00eentr-un grup de sprijin.<\/li>\n\n\n\n<li><strong>Izolarea emo\u021bional\u0103:<\/strong> Distan\u021ba poate face mai dificil\u0103 g\u0103sirea unei leg\u0103turi. B\u0103rba\u021bii din mediul rural \u201crezist\u0103\u201d adesea \u00een t\u0103cere, ceea ce duce la stres, anxietate \u0219i depresie mai mari. Scopul nostru este de a \u00eenlocui aceast\u0103 izolare cu apartenen\u021ba - un apel, un e-mail, un mesaj pe r\u00e2nd.<\/li>\n<\/ul>\n\n\n\n<h3 class=\"wp-block-heading\">Cum sprijin\u0103 PC-PEP b\u0103rba\u021bii din mediul rural<\/h3>\n\n\n\n<p class=\"wp-block-paragraph\">Programul nostru gratuit, de \u0219ase luni,&nbsp;<strong>program de promovare a s\u0103n\u0103t\u0103\u021bii la domiciliu<\/strong>&nbsp;a fost construit pentru accesibilitate:<\/p>\n\n\n\n<ul class=\"wp-block-list\">\n<li><strong>Livrare complet online:<\/strong>&nbsp;videoclipuri ghidate zilnic \u0219i e-mailuri cu exerci\u021bii, mindfulness \u0219i sfaturi de s\u0103n\u0103tate - nu este necesar\u0103 deplasarea.<\/li>\n\n\n\n<li><strong>Apeluri de grup virtuale op\u021bionale:<\/strong>&nbsp;inclusiv dedicat&nbsp;<em>sesiuni ale comunit\u0103\u021bii rurale<\/em>&nbsp;unde v\u0103 pute\u021bi conecta cu alte persoane care locuiesc \u00een ora\u0219e mici \u0219i regiuni \u00eendep\u0103rtate.<\/li>\n\n\n\n<li><strong>Asisten\u021b\u0103 personalizat\u0103:<\/strong>&nbsp;de la echipa noastr\u0103 de cercetare, medici \u0219i mentori care \u00een\u021beleg realit\u0103\u021bile rurale.<\/li>\n\n\n\n<li><strong>Serie video de g\u0103tit sezonier:<\/strong>&nbsp;re\u021bete simple, accesibile \u0219i hr\u0103nitoare, realizate \u021bin\u00e2nd cont de via\u021ba rural\u0103 - cu ingrediente locale \u0219i de sezon.<\/li>\n<\/ul>\n\n\n\n<ul class=\"wp-block-list\">\n<li><\/li>\n<\/ul>\n\n\n\n<div data-wp-interactive=\"core\/file\" class=\"wp-block-file\"><object data-wp-bind--hidden=\"!state.hasPdfPreview\" hidden class=\"wp-block-file__embed\" data=\"https:\/\/pcpep.org\/wp-content\/uploads\/2025\/08\/PEP-Rural-Cooking-Series-Recipes-2.pdf\" type=\"application\/pdf\" style=\"width:100%;height:600px\" aria-label=\"\u00cenglobare pentru PEP Rural Cooking Series - Recipes.\"><\/object><a id=\"wp-block-file--media-7b267d30-d3ba-41de-843a-0a83b4925532\" href=\"https:\/\/pcpep.org\/wp-content\/uploads\/2025\/08\/PEP-Rural-Cooking-Series-Recipes-2.pdf\">PEP Rural Cooking Series - Re\u021bete<\/a><a href=\"https:\/\/pcpep.org\/wp-content\/uploads\/2025\/08\/PEP-Rural-Cooking-Series-Recipes-2.pdf\" class=\"wp-block-file__button wp-element-button\" download aria-describedby=\"wp-block-file--media-7b267d30-d3ba-41de-843a-0a83b4925532\">Desc\u0103rcare<\/a><\/div>\n\n\n\n<h3 class=\"wp-block-heading\">Asculta\u021bi opiniile participan\u021bilor no\u0219tri<\/h3>\n\n\n\n<ul class=\"wp-block-list\">\n<li><em>\"Locuind la dou\u0103 ore de cel mai apropiat spital, am crezut c\u0103 sprijinul este inaccesibil. PC-PEP l-a adus la mine acas\u0103. M-a f\u0103cut s\u0103 m\u0103 simt v\u0103zut \u0219i mi-a oferit structura de care aveam nevoie pentru a m\u0103 vindeca.\"<\/em>&nbsp;- Gerry, Noua Sco\u021bie<\/li>\n\n\n\n<li><em>\"Obi\u0219nuiam s\u0103 cred c\u0103 trebuie s\u0103 trec singur\u0103 prin asta. PC-PEP m-a ajutat s\u0103 v\u0103d c\u0103 a fi vulnerabil\u0103 este un punct forte.\"<\/em>&nbsp;- James<\/li>\n\n\n\n<li><em>\"Acest program nu mi-a cerut s\u0103 schimb cine sunt - m-a \u00eent\u00e2lnit acolo unde eram \u0219i m-a ajutat s\u0103 m\u0103 vindec ca o persoan\u0103 \u00eentreag\u0103.\"<\/em>- Uli<\/li>\n\n\n\n<li><em>\"PC-PEP mi-a dat o voce - \u0219i o comunitate care m-a ascultat cu adev\u0103rat.\"<\/em>&nbsp;- David<\/li>\n<\/ul>\n\n\n\n<p class=\"wp-block-paragraph\">\ud83c\udfa7 Explora\u021bi mai multe voci \u00een pagina noastr\u0103&nbsp;<strong>Seria de podcasturi pentru b\u0103rba\u021bii din mediul rural<\/strong> intervievarea b\u0103rba\u021bilor care tr\u0103iesc \u00een comunit\u0103\u021bile rurale din Canada \u0219i Noua Zeeland\u0103:<\/p>\n\n\n\n<figure class=\"wp-block-embed is-type-video is-provider-youtube wp-block-embed-youtube wp-embed-aspect-16-9 wp-has-aspect-ratio\"><div class=\"wp-block-embed__wrapper\">\n<span class=\"embed-youtube\" style=\"text-align:center; display: block;\"><iframe class=\"youtube-player\" width=\"900\" height=\"507\" src=\"https:\/\/www.youtube.com\/embed\/Q5HL7flIjB4?version=3&#038;rel=1&#038;showsearch=0&#038;showinfo=1&#038;iv_load_policy=1&#038;fs=1&#038;hl=ro-RO&#038;autohide=2&#038;wmode=transparent\" allowfullscreen=\"true\" style=\"border:0;\" sandbox=\"allow-scripts allow-same-origin allow-popups allow-presentation allow-popups-to-escape-sandbox\"><\/iframe><\/span>\n<\/div><\/figure>\n\n\n\n<figure class=\"wp-block-embed is-type-video is-provider-youtube wp-block-embed-youtube wp-embed-aspect-16-9 wp-has-aspect-ratio\"><div class=\"wp-block-embed__wrapper\">\n<span class=\"embed-youtube\" style=\"text-align:center; display: block;\"><iframe class=\"youtube-player\" width=\"900\" height=\"507\" src=\"https:\/\/www.youtube.com\/embed\/jiUwr82WkSM?version=3&#038;rel=1&#038;showsearch=0&#038;showinfo=1&#038;iv_load_policy=1&#038;fs=1&#038;hl=ro-RO&#038;autohide=2&#038;wmode=transparent\" allowfullscreen=\"true\" style=\"border:0;\" sandbox=\"allow-scripts allow-same-origin allow-popups allow-presentation allow-popups-to-escape-sandbox\"><\/iframe><\/span>\n<\/div><\/figure>\n\n\n\n<figure class=\"wp-block-embed is-type-video is-provider-youtube wp-block-embed-youtube wp-embed-aspect-16-9 wp-has-aspect-ratio\"><div class=\"wp-block-embed__wrapper\">\n<span class=\"embed-youtube\" style=\"text-align:center; display: block;\"><iframe class=\"youtube-player\" width=\"900\" height=\"507\" src=\"https:\/\/www.youtube.com\/embed\/399kmKcTfrU?version=3&#038;rel=1&#038;showsearch=0&#038;showinfo=1&#038;iv_load_policy=1&#038;fs=1&#038;hl=ro-RO&#038;autohide=2&#038;wmode=transparent\" allowfullscreen=\"true\" style=\"border:0;\" sandbox=\"allow-scripts allow-same-origin allow-popups allow-presentation allow-popups-to-escape-sandbox\"><\/iframe><\/span>\n<\/div><\/figure>\n\n\n\n<figure class=\"wp-block-embed is-type-video is-provider-youtube wp-block-embed-youtube wp-embed-aspect-16-9 wp-has-aspect-ratio\"><div class=\"wp-block-embed__wrapper\">\n<span class=\"embed-youtube\" style=\"text-align:center; display: block;\"><iframe class=\"youtube-player\" width=\"900\" height=\"507\" src=\"https:\/\/www.youtube.com\/embed\/Fu70qQFzfrM?version=3&#038;rel=1&#038;showsearch=0&#038;showinfo=1&#038;iv_load_policy=1&#038;fs=1&#038;hl=ro-RO&#038;autohide=2&#038;wmode=transparent\" allowfullscreen=\"true\" style=\"border:0;\" sandbox=\"allow-scripts allow-same-origin allow-popups allow-presentation allow-popups-to-escape-sandbox\"><\/iframe><\/span>\n<\/div><\/figure>\n\n\n\n<figure class=\"wp-block-embed is-type-video is-provider-youtube wp-block-embed-youtube wp-embed-aspect-16-9 wp-has-aspect-ratio\"><div class=\"wp-block-embed__wrapper\">\n<span class=\"embed-youtube\" style=\"text-align:center; display: block;\"><iframe class=\"youtube-player\" width=\"900\" height=\"507\" src=\"https:\/\/www.youtube.com\/embed\/J6hrtK-YNsg?version=3&#038;rel=1&#038;showsearch=0&#038;showinfo=1&#038;iv_load_policy=1&#038;fs=1&#038;hl=ro-RO&#038;autohide=2&#038;wmode=transparent\" allowfullscreen=\"true\" style=\"border:0;\" sandbox=\"allow-scripts allow-same-origin allow-popups allow-presentation allow-popups-to-escape-sandbox\"><\/iframe><\/span>\n<\/div><\/figure>\n\n\n\n<figure class=\"wp-block-embed is-type-video is-provider-youtube wp-block-embed-youtube wp-embed-aspect-16-9 wp-has-aspect-ratio\"><div class=\"wp-block-embed__wrapper\">\n<span class=\"embed-youtube\" style=\"text-align:center; display: block;\"><iframe class=\"youtube-player\" width=\"900\" height=\"507\" src=\"https:\/\/www.youtube.com\/embed\/mHrAvbgsx4E?version=3&#038;rel=1&#038;showsearch=0&#038;showinfo=1&#038;iv_load_policy=1&#038;fs=1&#038;hl=ro-RO&#038;autohide=2&#038;wmode=transparent\" allowfullscreen=\"true\" style=\"border:0;\" sandbox=\"allow-scripts allow-same-origin allow-popups allow-presentation allow-popups-to-escape-sandbox\"><\/iframe><\/span>\n<\/div><\/figure>\n\n\n\n<figure class=\"wp-block-embed is-type-video is-provider-youtube wp-block-embed-youtube wp-embed-aspect-16-9 wp-has-aspect-ratio\"><div class=\"wp-block-embed__wrapper\">\n<span class=\"embed-youtube\" style=\"text-align:center; display: block;\"><iframe class=\"youtube-player\" width=\"900\" height=\"507\" src=\"https:\/\/www.youtube.com\/embed\/XL0bBkR5puQ?version=3&#038;rel=1&#038;showsearch=0&#038;showinfo=1&#038;iv_load_policy=1&#038;fs=1&#038;hl=ro-RO&#038;autohide=2&#038;wmode=transparent\" allowfullscreen=\"true\" style=\"border:0;\" sandbox=\"allow-scripts allow-same-origin allow-popups allow-presentation allow-popups-to-escape-sandbox\"><\/iframe><\/span>\n<\/div><\/figure>\n\n\n\n<figure class=\"wp-block-embed is-type-video is-provider-youtube wp-block-embed-youtube wp-embed-aspect-16-9 wp-has-aspect-ratio\"><div class=\"wp-block-embed__wrapper\">\n<span class=\"embed-youtube\" style=\"text-align:center; display: block;\"><iframe class=\"youtube-player\" width=\"900\" height=\"507\" src=\"https:\/\/www.youtube.com\/embed\/h2Uv5WINEUs?version=3&#038;rel=1&#038;showsearch=0&#038;showinfo=1&#038;iv_load_policy=1&#038;fs=1&#038;hl=ro-RO&#038;autohide=2&#038;wmode=transparent\" allowfullscreen=\"true\" style=\"border:0;\" sandbox=\"allow-scripts allow-same-origin allow-popups allow-presentation allow-popups-to-escape-sandbox\"><\/iframe><\/span>\n<\/div><\/figure>\n\n\n\n<h3 class=\"wp-block-heading\">Povestea impactului uman<\/h3>\n\n\n\n<p class=\"wp-block-paragraph\">Un moment puternic a avut loc atunci c\u00e2nd doi participan\u021bi din mediul rural, asocia\u021bi ca \"prieteni\" PC-PEP, au traversat provinciile pentru a se \u00eent\u00e2lni \u00een persoan\u0103 pentru prima dat\u0103. Videoclipul lor, \u00eemp\u0103rt\u0103\u0219it cu comunitatea noastr\u0103, a eviden\u021biat modul \u00een care PC-PEP a fost cu adev\u0103rat&nbsp;<strong>\"schimbare de via\u021b\u0103\"<\/strong>-nu numai pentru ei, ci \u0219i pentru mul\u021bi b\u0103rba\u021bi inspira\u021bi de prietenia lor.<\/p>\n\n\n\n<h3 class=\"wp-block-heading\">De ce este important\u0103 aceast\u0103 lucrare<\/h3>\n\n\n\n<p class=\"wp-block-paragraph\">B\u0103rba\u021bii care locuiesc \u00een regiunile rurale \u0219i nordice sunt mai predispu\u0219i s\u0103 se confrunte cu aceast\u0103 problem\u0103:<\/p>\n\n\n\n<ul class=\"wp-block-list\">\n<li>Acces redus la testarea PSA \u0219i la speciali\u0219ti<\/li>\n\n\n\n<li>Diagnosticarea \u00een stadii ulterioare<\/li>\n\n\n\n<li>Rezultate mai proaste ale supravie\u021buirii \u00een compara\u021bie cu b\u0103rba\u021bii din mediul urban<\/li>\n<\/ul>\n\n\n\n<p class=\"wp-block-paragraph\">Prin&nbsp;<strong>Subven\u021bia Movember pentru echitatea \u00een domeniul s\u0103n\u0103t\u0103\u021bii (2025-2028)<\/strong>, PC-PEP abordeaz\u0103 frontal aceste disparit\u0103\u021bi prin:<\/p>\n\n\n\n<ul class=\"wp-block-list\">\n<li>Dezvoltarea&nbsp;<strong>resurse adaptate zonelor rurale<\/strong>&nbsp;pentru b\u0103rba\u021bi \u0219i familii - de la videoclipuri de g\u0103tit \u0219i fitness la programe cu l\u0103\u021bime de band\u0103 redus\u0103.<\/li>\n\n\n\n<li>Conducere&nbsp;<strong>anchete specifice mediului rural<\/strong>&nbsp;pentru a \u00een\u021belege nevoile \u0219i preferin\u021bele locale.<\/li>\n\n\n\n<li>G\u0103zduire&nbsp;<strong>conferin\u021be ale p\u0103r\u021bilor interesate<\/strong>&nbsp;(organizat pentru prima dat\u0103 \u00een martie 2025) pentru a uni liderii comunit\u0103\u021bii, clinicienii \u0219i supravie\u021buitorii \u00een vederea \u00eembun\u0103t\u0103\u021birii accesului la \u00eengrijire.<\/li>\n<\/ul>\n\n\n\n<p class=\"wp-block-paragraph\">\u00cen prezent, analiz\u0103m datele din cadrul acestor ini\u021biative \u0219i preg\u0103tim un raport privind nevoile b\u0103rba\u021bilor din mediul rural, pentru a fundamenta politica na\u021bional\u0103 \u0219i planificarea supravie\u021buirii.<\/p>\n\n\n\n<hr class=\"wp-block-separator has-alpha-channel-opacity\"\/>\n\n\n\n<h3 class=\"wp-block-heading\">Cum s\u0103 v\u0103 \u00eenscrie\u021bi la PC-PEP\/\u00eenscriere?<\/h3>\n\n\n\n<p class=\"wp-block-paragraph\">Fie c\u0103 locui\u021bi la o ferm\u0103, \u00eentr-un sat de pescari, \u00eentr-o rezerva\u021bie nordic\u0103 sau \u00eentr-un ora\u0219 de coast\u0103 -&nbsp;<strong>PC-PEP este aici pentru dvs.<\/strong>.<\/p>\n\n\n\n<p class=\"wp-block-paragraph\">\ud83d\udc49&nbsp;<strong>Al\u0103tura\u021bi-v\u0103 programului ast\u0103zi<\/strong>&nbsp;- participarea este gratuit\u0103 \u0219i complet online. Merge\u021bi la <a href=\"http:\/\/pcpep.org\/ro\/\">www.PCPEP.org<\/a> \u0219i completa\u021bi formularul de primire.<br>\ud83d\udc49&nbsp;<strong>Conecta\u021bi-v\u0103 cu al\u021bi b\u0103rba\u021bi din mediul rural<\/strong>&nbsp;prin intermediul apelurilor noastre de grup op\u021bionale.<br>\ud83d\udc49&nbsp;<strong>Invita\u021bi echipa noastr\u0103<\/strong>&nbsp;pentru a vorbi cu consiliul local de s\u0103n\u0103tate, grupul de sprijin sau centrul comunitar. Contacta\u021bi-ne la pep@nshealth.ca.<\/p>\n\n\n\n<p class=\"wp-block-paragraph\"><strong>Sus\u021binut de Movember<\/strong><\/p>\n\n\n\n<p class=\"wp-block-paragraph\">Aceast\u0103 ini\u021biativ\u0103 este&nbsp;<strong>finan\u021bat cu m\u00e2ndrie de Movember (ianuarie 2025 - ianuarie 2028)<\/strong>&nbsp;prin intermediul unei&nbsp;<strong>Grant pentru echitatea \u00een materie de s\u0103n\u0103tate<\/strong>acordat&nbsp;<strong>Drs. Gabriela Ilie \u0219i Rob Rutledge<\/strong>&nbsp;la&nbsp;<strong>Universitatea Dalhousie<\/strong>.<\/p>\n\n\n\n<p class=\"wp-block-paragraph\">Datorit\u0103 sprijinului acordat de Movember, PC-PEP reduce decalajul dintre supravie\u021buirea \u00een mediul urban \u0219i rural - asigur\u00e2ndu-se c\u0103 niciun b\u0103rbat, nic\u0103ieri, nu trebuie s\u0103 se confrunte singur cu cancerul de prostat\u0103. \u00cempreun\u0103, construim comunit\u0103\u021bi rurale mai s\u0103n\u0103toase \u0219i mai conectate \u00een Canada \u0219i \u00een lume.<\/p>\n\n\n<div class=\"wp-block-image\">\n<figure class=\"aligncenter size-full is-resized\"><img data-recalc-dims=\"1\" fetchpriority=\"high\" decoding=\"async\" width=\"350\" height=\"200\" data-attachment-id=\"12561\" data-permalink=\"https:\/\/pcpep.org\/ro\/initiativa-privind-echitatea-in-materie-de-sanatate-pc-pep-movember\/1d78bdca-dc8a-4ed6-9dcd-2733f430a02a\/\" data-orig-file=\"https:\/\/i0.wp.com\/pcpep.org\/wp-content\/uploads\/2025\/08\/1d78bdca-dc8a-4ed6-9dcd-2733f430a02a.jpg?fit=350%2C200&amp;ssl=1\" data-orig-size=\"350,200\" data-comments-opened=\"1\" data-image-meta=\"{&quot;aperture&quot;:&quot;0&quot;,&quot;credit&quot;:&quot;&quot;,&quot;camera&quot;:&quot;&quot;,&quot;caption&quot;:&quot;&quot;,&quot;created_timestamp&quot;:&quot;0&quot;,&quot;copyright&quot;:&quot;&quot;,&quot;focal_length&quot;:&quot;0&quot;,&quot;iso&quot;:&quot;0&quot;,&quot;shutter_speed&quot;:&quot;0&quot;,&quot;title&quot;:&quot;&quot;,&quot;orientation&quot;:&quot;0&quot;}\" data-image-title=\"1d78bdca-dc8a-4ed6-9dcd-2733f430a02a\" data-image-description=\"\" data-image-caption=\"\" data-large-file=\"https:\/\/i0.wp.com\/pcpep.org\/wp-content\/uploads\/2025\/08\/1d78bdca-dc8a-4ed6-9dcd-2733f430a02a.jpg?fit=350%2C200&amp;ssl=1\" src=\"https:\/\/i0.wp.com\/pcpep.org\/wp-content\/uploads\/2025\/08\/1d78bdca-dc8a-4ed6-9dcd-2733f430a02a.jpg?resize=350%2C200&#038;ssl=1\" alt=\"\" class=\"wp-image-12561\" style=\"width:350px;height:auto\" srcset=\"https:\/\/i0.wp.com\/pcpep.org\/wp-content\/uploads\/2025\/08\/1d78bdca-dc8a-4ed6-9dcd-2733f430a02a.jpg?w=350&amp;ssl=1 350w, https:\/\/i0.wp.com\/pcpep.org\/wp-content\/uploads\/2025\/08\/1d78bdca-dc8a-4ed6-9dcd-2733f430a02a.jpg?resize=300%2C171&amp;ssl=1 300w, https:\/\/i0.wp.com\/pcpep.org\/wp-content\/uploads\/2025\/08\/1d78bdca-dc8a-4ed6-9dcd-2733f430a02a.jpg?resize=18%2C10&amp;ssl=1 18w\" sizes=\"(max-width: 350px) 100vw, 350px\" \/><\/figure>\n<\/div>\n\n\n<hr class=\"wp-block-separator has-alpha-channel-opacity\"\/>\n\n\n\n<p class=\"wp-block-paragraph\"><strong>Nu trebuie s\u0103 pleca\u021bi de acas\u0103 pentru a g\u0103si sprijin. PC-PEP \u021bi-l aduce la tine - oriunde te-ai afla.<\/strong><\/p>\n\n\n\n<p class=\"wp-block-paragraph\"><\/p>","protected":false},"excerpt":{"rendered":"<p>Nu conteaz\u0103 unde locui\u021bi - locul dumneavoastr\u0103 este aici. \u00cen\u021belegerea realit\u0103\u021bii rurale Faptul c\u0103 locui\u021bi \u00eentr-o comunitate rural\u0103 sau izolat\u0103 poate influen\u021ba fiecare parte a c\u0103l\u0103toriei dumneavoastr\u0103 cu cancerul de prostat\u0103 - de la diagnosticare, la accesul la speciali\u0219ti, la g\u0103sirea sprijinului ulterior. Drumurile lungi, internetul slab \u0219i resursele locale reduse pot face ca \u00eengrijirea s\u0103 par\u0103 inaccesibil\u0103.<a class=\"more-link\" href=\"https:\/\/pcpep.org\/ro\/comunitati-rurale-pc-pep\/\">Continu\u0103 lectura <span class=\"screen-reader-text\">&#8220;Rural Communities &amp; PC-PEP&#8221;<\/span><\/a><\/p>","protected":false},"author":158570093,"featured_media":0,"parent":0,"menu_order":0,"comment_status":"closed","ping_status":"closed","template":"","meta":{"_coblocks_attr":"","_coblocks_dimensions":"","_coblocks_responsive_height":"","_coblocks_accordion_ie_support":"","_crdt_document":"","ngg_post_thumbnail":0,"footnotes":""},"class_list":["post-12754","page","type-page","status-publish","hentry","entry"],"jetpack_likes_enabled":true,"jetpack_sharing_enabled":true,"jetpack_shortlink":"https:\/\/wp.me\/PcTu3r-3jI","amp_enabled":true,"_links":{"self":[{"href":"https:\/\/pcpep.org\/ro\/wp-json\/wp\/v2\/pages\/12754","targetHints":{"allow":["GET"]}}],"collection":[{"href":"https:\/\/pcpep.org\/ro\/wp-json\/wp\/v2\/pages"}],"about":[{"href":"https:\/\/pcpep.org\/ro\/wp-json\/wp\/v2\/types\/page"}],"author":[{"embeddable":true,"href":"https:\/\/pcpep.org\/ro\/wp-json\/wp\/v2\/users\/158570093"}],"replies":[{"embeddable":true,"href":"https:\/\/pcpep.org\/ro\/wp-json\/wp\/v2\/comments?post=12754"}],"version-history":[{"count":15,"href":"https:\/\/pcpep.org\/ro\/wp-json\/wp\/v2\/pages\/12754\/revisions"}],"predecessor-version":[{"id":13831,"href":"https:\/\/pcpep.org\/ro\/wp-json\/wp\/v2\/pages\/12754\/revisions\/13831"}],"wp:attachment":[{"href":"https:\/\/pcpep.org\/ro\/wp-json\/wp\/v2\/media?parent=12754"}],"curies":[{"name":"wp","href":"https:\/\/api.w.org\/{rel}","templated":true}]}}