{"id":14099,"date":"2025-11-30T18:54:30","date_gmt":"2025-11-30T22:54:30","guid":{"rendered":"https:\/\/pcpep.org\/?page_id=14099"},"modified":"2025-11-30T19:03:15","modified_gmt":"2025-11-30T23:03:15","slug":"omul-lunii-john-moody","status":"publish","type":"page","link":"https:\/\/pcpep.org\/ro\/omul-lunii-john-moody\/","title":{"rendered":"Omul Lunii: John Moody"},"content":{"rendered":"<hr class=\"wp-block-separator has-alpha-channel-opacity\"\/>\n\n\n\n<h6 class=\"wp-block-heading has-foreground-color has-text-color has-link-color wp-elements-97a413ce6b07dbdb807afe116c71d619\">Decembrie 2025<\/h6>\n\n\n\n<figure class=\"wp-block-gallery has-nested-images columns-default is-cropped wp-block-gallery-1 is-layout-flex wp-block-gallery-is-layout-flex\">\n<figure class=\"wp-block-image size-full\"><img data-recalc-dims=\"1\" fetchpriority=\"high\" decoding=\"async\" width=\"900\" height=\"1600\" data-attachment-id=\"14093\" data-permalink=\"https:\/\/pcpep.org\/ro\/5b58dc40-773a-4b75-8468-1227ad87329a\/\" data-orig-file=\"https:\/\/i0.wp.com\/pcpep.org\/wp-content\/uploads\/2025\/11\/5b58dc40-773a-4b75-8468-1227ad87329a.jpg?fit=1018%2C1810&amp;ssl=1\" data-orig-size=\"1018,1810\" data-comments-opened=\"1\" data-image-meta=\"{&quot;aperture&quot;:&quot;0&quot;,&quot;credit&quot;:&quot;&quot;,&quot;camera&quot;:&quot;&quot;,&quot;caption&quot;:&quot;&quot;,&quot;created_timestamp&quot;:&quot;0&quot;,&quot;copyright&quot;:&quot;&quot;,&quot;focal_length&quot;:&quot;0&quot;,&quot;iso&quot;:&quot;0&quot;,&quot;shutter_speed&quot;:&quot;0&quot;,&quot;title&quot;:&quot;&quot;,&quot;orientation&quot;:&quot;0&quot;}\" data-image-title=\"5b58dc40-773a-4b75-8468-1227ad87329a\" data-image-description=\"\" data-image-caption=\"\" data-large-file=\"https:\/\/i0.wp.com\/pcpep.org\/wp-content\/uploads\/2025\/11\/5b58dc40-773a-4b75-8468-1227ad87329a.jpg?fit=576%2C1024&amp;ssl=1\" data-id=\"14093\" src=\"https:\/\/i0.wp.com\/pcpep.org\/wp-content\/uploads\/2025\/11\/5b58dc40-773a-4b75-8468-1227ad87329a.jpg?resize=900%2C1600&#038;ssl=1\" alt=\"\" class=\"wp-image-14093\" srcset=\"https:\/\/i0.wp.com\/pcpep.org\/wp-content\/uploads\/2025\/11\/5b58dc40-773a-4b75-8468-1227ad87329a.jpg?w=1018&amp;ssl=1 1018w, https:\/\/i0.wp.com\/pcpep.org\/wp-content\/uploads\/2025\/11\/5b58dc40-773a-4b75-8468-1227ad87329a.jpg?resize=169%2C300&amp;ssl=1 169w, https:\/\/i0.wp.com\/pcpep.org\/wp-content\/uploads\/2025\/11\/5b58dc40-773a-4b75-8468-1227ad87329a.jpg?resize=576%2C1024&amp;ssl=1 576w, https:\/\/i0.wp.com\/pcpep.org\/wp-content\/uploads\/2025\/11\/5b58dc40-773a-4b75-8468-1227ad87329a.jpg?resize=768%2C1366&amp;ssl=1 768w, https:\/\/i0.wp.com\/pcpep.org\/wp-content\/uploads\/2025\/11\/5b58dc40-773a-4b75-8468-1227ad87329a.jpg?resize=864%2C1536&amp;ssl=1 864w, https:\/\/i0.wp.com\/pcpep.org\/wp-content\/uploads\/2025\/11\/5b58dc40-773a-4b75-8468-1227ad87329a.jpg?resize=7%2C12&amp;ssl=1 7w\" sizes=\"(max-width: 900px) 100vw, 900px\" \/><figcaption class=\"wp-element-caption\"><strong>John Moody, Noua Zeeland\u0103  <em>\u00b7 Participant \u0219i Mentor PC-PEP<\/em><\/strong> de la 2023<\/figcaption><\/figure>\n\n\n\n<figure class=\"wp-block-image size-large\"><img data-recalc-dims=\"1\" decoding=\"async\" width=\"752\" height=\"802\" data-attachment-id=\"12862\" data-permalink=\"https:\/\/pcpep.org\/ro\/omul-lunii-uli-konrad\/screenshot-2025-08-26-at-7-44-56-pm-4\/\" data-orig-file=\"https:\/\/i0.wp.com\/pcpep.org\/wp-content\/uploads\/2025\/08\/Screenshot-2025-08-26-at-7.44.56-PM-3.png?fit=752%2C802&amp;ssl=1\" data-orig-size=\"752,802\" data-comments-opened=\"1\" data-image-meta=\"{&quot;aperture&quot;:&quot;0&quot;,&quot;credit&quot;:&quot;&quot;,&quot;camera&quot;:&quot;&quot;,&quot;caption&quot;:&quot;&quot;,&quot;created_timestamp&quot;:&quot;0&quot;,&quot;copyright&quot;:&quot;&quot;,&quot;focal_length&quot;:&quot;0&quot;,&quot;iso&quot;:&quot;0&quot;,&quot;shutter_speed&quot;:&quot;0&quot;,&quot;title&quot;:&quot;&quot;,&quot;orientation&quot;:&quot;0&quot;}\" data-image-title=\"Screenshot 2025-08-26 at 7.44.56\u202fPM\" data-image-description=\"\" data-image-caption=\"\" data-large-file=\"https:\/\/i0.wp.com\/pcpep.org\/wp-content\/uploads\/2025\/08\/Screenshot-2025-08-26-at-7.44.56-PM-3.png?fit=752%2C802&amp;ssl=1\" data-id=\"12862\" src=\"https:\/\/i0.wp.com\/pcpep.org\/wp-content\/uploads\/2025\/08\/Screenshot-2025-08-26-at-7.44.56-PM-3.png?resize=752%2C802&#038;ssl=1\" alt=\"\" class=\"wp-image-12862\" srcset=\"https:\/\/i0.wp.com\/pcpep.org\/wp-content\/uploads\/2025\/08\/Screenshot-2025-08-26-at-7.44.56-PM-3.png?w=752&amp;ssl=1 752w, https:\/\/i0.wp.com\/pcpep.org\/wp-content\/uploads\/2025\/08\/Screenshot-2025-08-26-at-7.44.56-PM-3.png?resize=281%2C300&amp;ssl=1 281w, https:\/\/i0.wp.com\/pcpep.org\/wp-content\/uploads\/2025\/08\/Screenshot-2025-08-26-at-7.44.56-PM-3.png?resize=11%2C12&amp;ssl=1 11w\" sizes=\"(max-width: 752px) 100vw, 752px\" \/><\/figure>\n<\/figure>\n\n\n\n<hr class=\"wp-block-separator has-alpha-channel-opacity\"\/>\n\n\n\n<h2 class=\"wp-block-heading\"><span class=\"ez-toc-section\" id=\"PC-PEP_Man_of_the_Month_John_Moody\"><\/span>PC-PEP Omul lunii:\u00a0<strong>John Moody<\/strong><span class=\"ez-toc-section-end\"><\/span><\/h2>\n\n\n\n<h3 class=\"wp-block-heading\"><strong>Introducere<\/strong><\/h3>\n\n\n\n<p class=\"wp-block-paragraph\"><em>\u201cNu l\u0103sa asta s\u0103-\u021bi strice ziua.\u201d<\/em><\/p>\n\n\n\n<p class=\"wp-block-paragraph\">Luna aceasta s\u0103rb\u0103torim&nbsp;<strong>John Moody<\/strong>, un absolvent, mentor \u0219i supravie\u021buitor al cancerului de prostat\u0103 inspirat PC-PEP din zona rural\u0103 de Sud a Noii Zeelande. John a venit prima dat\u0103 la PC-PEP dup\u0103 ce a primit un diagnostic de cancer de prostat\u0103 care l-a l\u0103sat tem\u0103tor \u0219i nesigur. Cu sprijinul so\u021biei sale, al echipei sale clinice \u0219i al Funda\u021biei pentru Cancer de Prostat\u0103 din Noua Zeeland\u0103, el a ales&nbsp;<strong>Supraveghere activ\u0103<\/strong>\u2014o cale care s-a aliniat cu valorile sale \u0219i dorin\u021ba sa de a continua s\u0103 tr\u0103iasc\u0103 pe deplin, bucuros \u0219i \u00een felul s\u0103u.<\/p>\n\n\n\n<p class=\"wp-block-paragraph\">John a \u00eembr\u0103\u021bi\u0219at programul PC-PEP de \u0219ase luni cu toat\u0103 inima. A folosit instrumentele, structura \u0219i practicile zilnice pentru a-\u0219i rec\u00e2\u0219tiga \u00eencrederea, a-\u0219i consolida starea de bine fizic\u0103 \u0219i mental\u0103 \u0219i a se centra emo\u021bional. \u00cen timp, a observat ceva remarcabil: pe m\u0103sur\u0103 ce anxietatea lui a sc\u0103zut \u0219i s\u0103n\u0103tatea sa general\u0103 s-a \u00eembun\u0103t\u0103\u021bit, el&nbsp;<strong>Nivelurile PSA s-au stabilizat<\/strong>\u2014\u0219i au r\u0103mas stabile de la finalizarea programului.<\/p>\n\n\n\n<p class=\"wp-block-paragraph\">Ast\u0103zi, John nu doar c\u0103 prosper\u0103, el&nbsp;<strong>a restitui<\/strong>. \u00cen calitate de mentor PC-PEP, el sprijin\u0103 b\u0103rba\u021bi din Canada, Noua Zeeland\u0103 \u0219i din \u00eentreaga lume, care trec prin confuzia \u0219i frica ce urmeaz\u0103 adesea dup\u0103 un diagnostic de cancer de prostat\u0103. Umorul, c\u0103ldura, pragmatismul \u0219i optimismul s\u0103u neclintit l-au f\u0103cut o prezen\u021b\u0103 pre\u021buit\u0103 \u00een comunitatea noastr\u0103 global\u0103 PC-PEP.<\/p>\n\n\n\n<h3 class=\"wp-block-heading\"><strong>Mesajele directoare ale lui John:<\/strong><\/h3>\n\n\n\n<p class=\"wp-block-paragraph\">\u201cVia\u021ba este \u00eenc\u0103 frumoas\u0103. Anin\u0103-te cu t\u0103rie de oamenii \u0219i lucurile care \u00ee\u021bi aduc bucurie.\u201d<\/p>\n\n\n\n<p class=\"wp-block-paragraph\">\u201cNu l\u0103sa asta s\u0103-\u021bi strice ziua.\u201d<\/p>\n\n\n\n<p class=\"wp-block-paragraph\">\u201cSupravegherea activ\u0103 nu \u00eenseamn\u0103 a nu face nimic \u2013 \u00eenseamn\u0103 a face ceea ce este corect pentru tine.\u201d<\/p>\n\n\n\n<p class=\"wp-block-paragraph\">\u201cPo\u021bi alege curajul, chiar \u0219i atunci c\u00e2nd via\u021ba \u00ee\u021bi ofer\u0103 incertitudine.\u201d<\/p>\n\n\n\n<p class=\"wp-block-paragraph\">\u201cPC-PEP \u00ee\u021bi ofer\u0103 uneltele, dar\u00a0<em>tu<\/em>\u00a0E\u0219ti cel care face schimbarea.\u201d<\/p>\n\n\n\n<hr class=\"wp-block-separator has-alpha-channel-opacity\"\/>\n\n\n\n<h3 class=\"wp-block-heading\"><a href=\"https:\/\/youtu.be\/sJIulvdYRvY?si=WLvBtOSz8HNq5i3c\" target=\"_blank\" rel=\"noopener\">\ud83c\udfa7\u00a0<\/a><strong><a href=\"https:\/\/www.buzzsprout.com\/2420283\/\" target=\"_blank\" rel=\"noopener\">Ascult\u0103 povestea lui John<\/a><\/strong><\/h3>\n\n\n\n<p class=\"wp-block-paragraph\">\u00cen acest episod emo\u021bionant,\u00a0<strong><a href=\"https:\/\/www.youtube.com\/watch?v=Q5HL7flIjB4\" target=\"_blank\" rel=\"noopener\">John Moody<\/a><\/strong>\u00a0\u00ee\u0219i \u00eemp\u0103rt\u0103\u0219e\u0219te cu inima deschis\u0103 c\u0103l\u0103toria de la diagnosticare la \u00eemputernicire \u2014 navig\u00e2nd incertitudinea, frica \u0219i povara emo\u021bional\u0103 a unui diagnostic de cancer de prostat\u0103, totul \u00een timp ce locuie\u0219te \u00een sudul rural al Noii Zeelande. Cu onestitate \u0219i umor, John descrie cum alegerea\u00a0<strong>Supraveghere activ\u0103<\/strong>\u00a0i-a permis s\u0103-\u0219i onoreze valorile, s\u0103 r\u0103m\u00e2n\u0103 activ \u0219i s\u0103 continue s\u0103 duc\u0103 o via\u021b\u0103 plin\u0103 de bucurie, scop \u0219i conexiune.<\/p>\n\n\n\n<p class=\"wp-block-paragraph\">John vorbe\u0219te deschis despre cum&nbsp;<em>comunitate<\/em>&nbsp;a devenit linia lui de salvare \u2014 cum povestirile altor b\u0103rba\u021bi i-au reamintit c\u0103&nbsp;<em>\u201cexist\u0103 via\u021b\u0103 dup\u0103 asta,\u201d<\/em>&nbsp;\u0219i cum PC-PEP nu a oferit doar educa\u021bie, ci \u0219i companie, reasigurare \u0219i un sentiment de apartenen\u021b\u0103 de care nu \u0219tia c\u0103 are nevoie. Prin practicile zilnice ale PC-PEP \u0219i comunitatea global\u0103 de sprijin, John \u0219i-a rec\u0103p\u0103tat \u00eencrederea, \u0219i-a \u00eembun\u0103t\u0103\u021bit starea de bine \u0219i a g\u0103sit o for\u021b\u0103 re\u00eennoit\u0103 at\u00e2t \u00een rela\u021biile sale, c\u00e2t \u0219i \u00een viziunea asupra vie\u021bii.<\/p>\n\n\n\n<p class=\"wp-block-paragraph\">Reflec\u021biile sale dezv\u0103luie un adev\u0103r puternic:<br><strong>vindecarea nu este doar fizic\u0103 \u2014 este emo\u021bional\u0103, rela\u021bional\u0103 \u0219i profund uman\u0103.<\/strong><\/p>\n\n\n\n<figure class=\"wp-block-embed is-type-video is-provider-youtube wp-block-embed-youtube wp-embed-aspect-16-9 wp-has-aspect-ratio\"><div class=\"wp-block-embed__wrapper\">\n<span class=\"embed-youtube\" style=\"text-align:center; display: block;\"><iframe class=\"youtube-player\" width=\"900\" height=\"507\" src=\"https:\/\/www.youtube.com\/embed\/Q5HL7flIjB4?version=3&#038;rel=1&#038;showsearch=0&#038;showinfo=1&#038;iv_load_policy=1&#038;fs=1&#038;hl=ro-RO&#038;autohide=2&#038;wmode=transparent\" allowfullscreen=\"true\" style=\"border:0;\" sandbox=\"allow-scripts allow-same-origin allow-popups allow-presentation allow-popups-to-escape-sandbox\"><\/iframe><\/span>\n<\/div><\/figure>\n\n\n\n<h3 class=\"wp-block-heading\">\ud83d\udca1 Mesaje Cheie de Inspira\u021bie<\/h3>\n\n\n\n<p class=\"wp-block-paragraph\"><strong>Nu sunte\u021bi singuri.<\/strong><br>Chiar \u0219i \u00een medii rurale sau izolate din punct de vedere geografic, conexiunea este posibil\u0103. PC-PEP reduce decalajul dintre \u00eengrijirea clinic\u0103 \u0219i vindecarea emo\u021bional\u0103, cre\u00e2nd comunitate acolo unde pare c\u0103 nu este disponibil\u0103.<\/p>\n\n\n\n<p class=\"wp-block-paragraph\"><strong>Pute\u021bi fi transforma\u021bi - nu doar trata\u021bi.<\/strong><br>John a descoperit c\u0103 vindecarea se extinde mult dincolo de procedurile medicale. Prin PC-PEP, a g\u0103sit instrumente care i-au \u00eent\u0103rit s\u0103n\u0103tatea mintal\u0103, rezilien\u021ba \u0219i bun\u0103starea general\u0103.<\/p>\n\n\n\n<p class=\"wp-block-paragraph\"><strong>Dragostea \u0219i ritualul sunt medicamente puternice.<\/strong><br>Mici acte de conectare \u2013 rutine matinale \u00eemp\u0103rt\u0103\u0219ite, plimb\u0103ri \u00eempreun\u0103, momente de reflec\u021bie \u2013 l-au ajutat pe John s\u0103-\u0219i reconstruiasc\u0103 \u00eencrederea \u0219i s\u0103 cultive bucuria.<\/p>\n\n\n\n<p class=\"wp-block-paragraph\"><strong>Mentoratul conteaz\u0103.<\/strong><br>Decizia lui John de a contribui ca mentor reflect\u0103 credin\u021ba sa c\u0103 experien\u021ba tr\u0103it\u0103 poate lumina calea altora. Bun\u0103tatea \u0219i umilin\u021ba sa continu\u0103 s\u0103 \u00eembog\u0103\u021beasc\u0103 comunitatea PC-PEP.<\/p>\n\n\n\n<p class=\"wp-block-paragraph\"><strong>\u00centregul este posibil.<\/strong><br>John arat\u0103 c\u0103, chiar \u0219i cu monitorizare continu\u0103 \u0219i incertitudine, este posibil s\u0103 te sim\u021bi ancorat, plin de speran\u021b\u0103 \u0219i \u00eemputernicit.<\/p>\n\n\n\n<p class=\"wp-block-paragraph\"><strong>Pute\u021bi evolua.<\/strong><br>Cu sprijin, auto-compasiune \u0219i practici zilnice care \u00ee\u021bi onoreaz\u0103 valorile, po\u021bi trece de la fric\u0103 la sens \u2014 de la supravie\u021buire la a tr\u0103i cu adev\u0103rat.<\/p>\n\n\n\n<h3 class=\"wp-block-heading\">\ud83d\udc55&nbsp;<strong>Povestea din spatele tricourilor: De ce conteaz\u0103<\/strong><\/h3>\n\n\n\n<p class=\"wp-block-paragraph\">Tricourile PC-PEP sunt mai mult dec\u00e2t o simpl\u0103 \u021bes\u0103tur\u0103 - ele sunt&nbsp;<strong>simboluri de conectare, con\u0219tientizare \u0219i m\u00e2ndrie<\/strong>&nbsp;\u00een a face parte din comunitatea PC-PEP.<\/p>\n\n\n\n<p class=\"wp-block-paragraph\">Aceste tricouri au fost f\u0103cute posibile de&nbsp;<strong><a href=\"https:\/\/www.amazon.ca\/Seaching-Belonging-David-Ashcroft\/dp\/B0DWFHZGZ2\/ref=sr_1_1?crid=2748GLGRQYBUZ&amp;dib=eyJ2IjoiMSJ9.UAw-c2unKYvUEtvucBEf6bOvS-BVCClRwNMwm39gUF-lV6SVVaqQQx2L4cYW_AYvgs8lszTiHMiXfOHb3JzdIMlejRRG0MG-m7X13kW2X2e1iu5O7npPlydW9WecZGphwOi9cIFtpL5tZAfDpd2l2Wty0WEqbtfPGVL6yb4FVKUTG6-FbDnRfV59SGOJTnpIQd70c49htIzDB2gPXxQQixEpCdpdWbzf2Bzqnfj8mSrN5Wpn1cvXKmegB9po9t9JjpxhfcGU9MhTY1Fn6IhrpvlVV2m6wzB9FgJRHw-47yw.AWgeWaoMmYmMD7s3CvJIizTbyVFHsjJDgxfOj2SODFI&amp;dib_tag=se&amp;keywords=david+ashcroft&amp;qid=1756244107&amp;sprefix=david+ashcroft%2Caps%2C112&amp;sr=8-1\" target=\"_blank\" rel=\"noopener\">David Ashcroft<\/a><\/strong>, un coleg mentor \u0219i autor PC-PEP, care a donat \u00eencas\u0103rile din cartea sa de memorii&nbsp;<em>\u00cen c\u0103utarea apartenen\u021bei<\/em>&nbsp;\u0219i a conceput el \u00eensu\u0219i ilustra\u021biile.<\/p>\n\n\n\n<p class=\"wp-block-paragraph\">Gesturi precum cel al lui David \u00eenseamn\u0103 at\u00e2t de mult pentru laboratorul nostru \u0219i pentru comunitatea PC-PEP. Fiecare tricou st\u00e2rne\u0219te conversa\u021bii, cre\u0219te gradul de con\u0219tientizare cu privire la cancerul de prostat\u0103 \u0219i reaminte\u0219te b\u0103rba\u021bilor de pretutindeni c\u0103 nu sunt singuri. Aceste mici gesturi ajut\u0103 PC-PEP s\u0103 \u00ee\u0219i \u00eendeplineasc\u0103 misiunea:&nbsp;<strong>formarea de comunit\u0103\u021bi de responsabilizare care transform\u0103 izolarea \u00een conectare \u0219i frica \u00een rezilien\u021b\u0103.<\/strong><\/p>\n\n\n\n<hr class=\"wp-block-separator has-alpha-channel-opacity\"\/>\n\n\n\n<h3 class=\"wp-block-heading\">\ud83c\udf0d&nbsp;<strong>Despre aceast\u0103 serie<\/strong><\/h3>\n\n\n\n<p class=\"wp-block-paragraph\">The&nbsp;<strong>PC-PEP Omul lunii<\/strong>&nbsp;s\u0103rb\u0103tore\u0219te participan\u021bii \u0219i mentorii care \u00eentruchipeaz\u0103 curajul, generozitatea \u0219i spiritul de emancipare. Prin \u00eemp\u0103rt\u0103\u0219irea pove\u0219tilor lor, cre\u0219tem gradul de con\u0219tientizare cu privire la cancerul de prostat\u0103, reducem stigmatizarea \u0219i subliniem puterea comunit\u0103\u021bii, a conexiunii \u0219i a speran\u021bei.<\/p>\n\n\n\n<hr class=\"wp-block-separator has-alpha-channel-opacity\"\/>","protected":false},"excerpt":{"rendered":"<p>December 2025 PC-PEP Man of the Month:\u00a0John Moody Introduction \u201cDon\u2019t let it spoil your day.\u201d This month we celebrate&nbsp;John Moody, an inspiring PC-PEP graduate, mentor, and prostate cancer survivor from rural South New Zealand. John first came to PC-PEP after receiving a prostate cancer diagnosis that left him fearful and uncertain. With the support of<a class=\"more-link\" href=\"https:\/\/pcpep.org\/ro\/omul-lunii-john-moody\/\">Continu\u0103 lectura <span class=\"screen-reader-text\">&#8220;Man of the Month: John Moody&#8221;<\/span><\/a><\/p>","protected":false},"author":158570093,"featured_media":0,"parent":0,"menu_order":0,"comment_status":"closed","ping_status":"closed","template":"","meta":{"_coblocks_attr":"","_coblocks_dimensions":"","_coblocks_responsive_height":"","_coblocks_accordion_ie_support":"","_crdt_document":"","ngg_post_thumbnail":0,"footnotes":""},"class_list":["post-14099","page","type-page","status-publish","hentry","entry"],"jetpack_likes_enabled":true,"jetpack_sharing_enabled":true,"jetpack_shortlink":"https:\/\/wp.me\/PcTu3r-3Fp","amp_enabled":true,"_links":{"self":[{"href":"https:\/\/pcpep.org\/ro\/wp-json\/wp\/v2\/pages\/14099","targetHints":{"allow":["GET"]}}],"collection":[{"href":"https:\/\/pcpep.org\/ro\/wp-json\/wp\/v2\/pages"}],"about":[{"href":"https:\/\/pcpep.org\/ro\/wp-json\/wp\/v2\/types\/page"}],"author":[{"embeddable":true,"href":"https:\/\/pcpep.org\/ro\/wp-json\/wp\/v2\/users\/158570093"}],"replies":[{"embeddable":true,"href":"https:\/\/pcpep.org\/ro\/wp-json\/wp\/v2\/comments?post=14099"}],"version-history":[{"count":7,"href":"https:\/\/pcpep.org\/ro\/wp-json\/wp\/v2\/pages\/14099\/revisions"}],"predecessor-version":[{"id":14108,"href":"https:\/\/pcpep.org\/ro\/wp-json\/wp\/v2\/pages\/14099\/revisions\/14108"}],"wp:attachment":[{"href":"https:\/\/pcpep.org\/ro\/wp-json\/wp\/v2\/media?parent=14099"}],"curies":[{"name":"wp","href":"https:\/\/api.w.org\/{rel}","templated":true}]}}