{"id":8341,"date":"2024-12-10T19:44:21","date_gmt":"2024-12-10T23:44:21","guid":{"rendered":"https:\/\/pcpep.org\/?page_id=8341"},"modified":"2025-03-01T14:03:45","modified_gmt":"2025-03-01T18:03:45","slug":"pc-pep-locatii-2","status":"publish","type":"page","link":"https:\/\/pcpep.org\/ro\/pc-pep-locatii-2\/","title":{"rendered":"Ini\u021biative globale PC-PEP"},"content":{"rendered":"<div class=\"wp-block-interactive-geo-maps-display-map\"><div class=\"map_wrapper\" id=\"map_wrapper_652\">\n<div class=\"map_box\" style=\"max-width:2000px\">\n<div class=\"map_aspect_ratio\" style=\"padding-top:56%\" data-padding-top=\"56%\" data-padding-top-mobile=\"0%\">\n<div class=\"map_container\">\n<div class=\"map_render map_loading\" id=\"map_652\"><\/div>\n<\/div>\n<\/div>\n<\/div>\n<\/div><\/div>\n\n\n\n<p class=\"has-primary-color has-text-color has-link-color wp-elements-32d820981339659ffdac72d33a8751b5 wp-block-paragraph\">The <strong>Programul de \u00eemputernicire privind cancerul de prostat\u0103 (PC-PEP)<\/strong> este acum deschis \u0219i disponibil tuturor b\u0103rba\u021bilor diagnostica\u021bi cu cancer de prostat\u0103, gratuit, ca parte a unei <strong>Studiu de implementare de faz\u0103 4 pentru to\u021bi b\u0103rba\u021bii din Canada \u0219i Noua Zeeland\u0103 diagnostica\u021bi cu cancer de prostat\u0103<\/strong>. Programul PC-PEP a devenit disponibil pentru to\u021bi b\u0103rba\u021bii din Noua Zeeland\u0103 \u00een 2023. <\/p>\n\n\n\n<p class=\"has-primary-color has-text-color has-link-color wp-elements-a1ea54aef5ee2a543147351be4e29765 wp-block-paragraph\"><strong>Cum s\u0103 v\u0103 \u00eenscrie\u021bi<\/strong>: B\u0103rba\u021bii interesa\u021bi de \u00eenscriere pot completa formularul de \u00eenscriere de pe site-ul PC-PEP: <strong>pcpep.org <\/strong>sau<strong> pcpep.org\/nz.<\/strong><\/p>\n\n\n\n<p class=\"has-primary-color has-text-color has-link-color wp-elements-8ef24b2a04a658812085bacc5b9e9003 wp-block-paragraph\"><strong>Extinderi viitoare ale site-ului:<\/strong><br><span style=\"white-space: normal; caret-color: rgb(0, 0, 0); color: rgb(0, 0, 0); font-size: medium;\">\u00cen 2025, siturile PC-PEP se vor deschide oficial \u00een <\/span><strong>Belgia, \u021a\u0103rile de Jos, Africa de Sud \u0219i Rom\u00e2nia<\/strong><span style=\"white-space: normal; caret-color: rgb(0, 0, 0); color: rgb(0, 0, 0); font-size: medium;\">. Site-uri suplimentare \u00een\u00a0<\/span><strong style=\"white-space: normal; caret-color: rgb(0, 0, 0); color: rgb(0, 0, 0);\">\u021aara Galilor (Regatul Unit), Irlanda, Australia, SUA<\/strong><span style=\"white-space: normal; caret-color: rgb(0, 0, 0); color: rgb(0, 0, 0); font-size: medium;\">\u00a0sunt \u00een curs de desf\u0103\u0219urare.<\/span><\/p>\n\n\n\n<p class=\"has-primary-color has-text-color has-link-color wp-elements-5cf53c3eebb9a4628c9721b2f3a41f8f wp-block-paragraph\"><strong>Criterii de eligibilitate:<\/strong> Pute\u021bi fi eligibil pentru a participa la studiul de faz\u0103 4 dac\u0103: <\/p>\n\n\n\n<p class=\"has-primary-color has-text-color has-link-color wp-elements-ac5af002927915b812fb4bad08509526 wp-block-paragraph\">Sunte\u021bi un b\u0103rbat adult din Canada sau Noua Zeeland\u0103 cu un istoric de diagnosticare a cancerului de prostat\u0103. Dac\u0103 sunte\u021bi un b\u0103rbat care locuie\u0219te \u00een alt\u0103 \u021bar\u0103 \u0219i sunte\u021bi interesat de program, v\u0103 rug\u0103m s\u0103 ne contacta\u021bi pentru mai multe informa\u021bii. Sunte\u021bi autorizat din punct de vedere medical \u0219i sunte\u021bi dispus s\u0103 v\u0103 angaja\u021bi \u00een exerci\u021bii fizice regulate. Ave\u021bi acces zilnic la internet \u0219i e-mail.<\/p>\n\n\n\n<p class=\"has-primary-color has-text-color has-link-color wp-elements-bbd9a73427e27ddcbebdaea4a6becf33 wp-block-paragraph\"><strong>Pentru furnizorii de servicii medicale:<\/strong> Dac\u0103 sunte\u021bi urolog sau radio-oncolog \u0219i dori\u021bi s\u0103 deschide\u021bi un centru PC-PEP \u00een regiunea dumneavoastr\u0103, v\u0103 rug\u0103m s\u0103 contacta\u021bi <strong>Dr. Rob Rutledge, conduc\u0103tor clinic, oncolog, Nova Scotia<\/strong>, la <strong>Rob.Rutledge@nshealth.ca <\/strong>sau <strong>Dr. Gabriela Ilie, cercet\u0103tor \u0219tiin\u021bific principal al PC-PEP<\/strong>, la <strong>Gabriela.Ilie@dal.ca<\/strong>.<\/p>\n\n\n\n<p class=\"has-primary-color has-text-color has-link-color wp-elements-db0aaaf1539204e7934fb875f0d790f3 wp-block-paragraph\">V\u0103 mul\u021bumim pentru interesul dumneavoastr\u0103 \u00een PC-PEP!<\/p>\n\n\n\n<p class=\"has-primary-color has-text-color has-link-color wp-elements-43d1e5e1b1bb6f2b5beffa343bc2cf8d wp-block-paragraph\">Pentru mai multe informa\u021bii, v\u0103 rug\u0103m s\u0103 ne trimite\u021bi un e-mail la <strong>pep@nshealth.ca<\/strong>.<\/p>","protected":false},"excerpt":{"rendered":"<p>Programul de \u00cemputernicire \u00een Cancerul de Prostat\u0103 (PC-PEP) este acum deschis \u0219i disponibil tuturor b\u0103rba\u021bilor diagnostica\u021bi cu cancer de prostat\u0103, gratuit, ca parte a unui Studiu de Implementare Faza 4 pentru to\u021bi b\u0103rba\u021bii canadieni \u0219i neozeelandezi diagnostica\u021bi cu cancer de prostat\u0103. Programul PC-PEP a devenit disponibil tuturor b\u0103rba\u021bilor din Noua Zeeland\u0103 \u00een 2023. Cum s\u0103<a class=\"more-link\" href=\"https:\/\/pcpep.org\/ro\/pc-pep-locatii-2\/\">Continu\u0103 lectura <span class=\"screen-reader-text\">&#8220;PC-PEP Global Initiatives&#8221;<\/span><\/a><\/p>","protected":false},"author":158570093,"featured_media":0,"parent":0,"menu_order":0,"comment_status":"closed","ping_status":"closed","template":"","meta":{"_coblocks_attr":"","_coblocks_dimensions":"","_coblocks_responsive_height":"","_coblocks_accordion_ie_support":"","_crdt_document":"","ngg_post_thumbnail":0,"footnotes":""},"class_list":["post-8341","page","type-page","status-publish","hentry","entry"],"jetpack_likes_enabled":true,"jetpack_sharing_enabled":true,"jetpack_shortlink":"https:\/\/wp.me\/PcTu3r-2ax","amp_enabled":true,"_links":{"self":[{"href":"https:\/\/pcpep.org\/ro\/wp-json\/wp\/v2\/pages\/8341","targetHints":{"allow":["GET"]}}],"collection":[{"href":"https:\/\/pcpep.org\/ro\/wp-json\/wp\/v2\/pages"}],"about":[{"href":"https:\/\/pcpep.org\/ro\/wp-json\/wp\/v2\/types\/page"}],"author":[{"embeddable":true,"href":"https:\/\/pcpep.org\/ro\/wp-json\/wp\/v2\/users\/158570093"}],"replies":[{"embeddable":true,"href":"https:\/\/pcpep.org\/ro\/wp-json\/wp\/v2\/comments?post=8341"}],"version-history":[{"count":6,"href":"https:\/\/pcpep.org\/ro\/wp-json\/wp\/v2\/pages\/8341\/revisions"}],"predecessor-version":[{"id":9602,"href":"https:\/\/pcpep.org\/ro\/wp-json\/wp\/v2\/pages\/8341\/revisions\/9602"}],"wp:attachment":[{"href":"https:\/\/pcpep.org\/ro\/wp-json\/wp\/v2\/media?parent=8341"}],"curies":[{"name":"wp","href":"https:\/\/api.w.org\/{rel}","templated":true}]}}